{"id":8,"date":"2021-03-24T17:32:44","date_gmt":"2021-03-24T17:32:44","guid":{"rendered":"http:\/\/uszyjto.com\/?page_id=8"},"modified":"2021-03-29T11:12:45","modified_gmt":"2021-03-29T11:12:45","slug":"regulamin","status":"publish","type":"page","link":"https:\/\/uszyjto.com\/index.php\/regulamin\/","title":{"rendered":"Regulamin"},"content":{"rendered":"\t\t<div data-elementor-type=\"wp-page\" data-elementor-id=\"8\" class=\"elementor elementor-8\" data-elementor-settings=\"[]\">\n\t\t\t\t\t\t\t<div class=\"elementor-section-wrap\">\n\t\t\t\t\t\t\t<section class=\"elementor-section elementor-top-section elementor-element elementor-element-7b061aa elementor-section-boxed elementor-section-height-default elementor-section-height-default\" data-id=\"7b061aa\" data-element_type=\"section\">\n\t\t\t\t\t\t<div class=\"elementor-container elementor-column-gap-default\">\n\t\t\t\t\t<div class=\"elementor-column elementor-col-33 elementor-top-column elementor-element elementor-element-15c344b\" data-id=\"15c344b\" data-element_type=\"column\">\n\t\t\t<div class=\"elementor-widget-wrap\">\n\t\t\t\t\t\t\t\t\t<\/div>\n\t\t<\/div>\n\t\t\t\t<div class=\"elementor-column elementor-col-33 elementor-top-column elementor-element elementor-element-0cde02c\" data-id=\"0cde02c\" data-element_type=\"column\">\n\t\t\t<div class=\"elementor-widget-wrap elementor-element-populated\">\n\t\t\t\t\t\t\t\t<div class=\"elementor-element elementor-element-36f3f6b elementor-widget elementor-widget-heading\" data-id=\"36f3f6b\" data-element_type=\"widget\" data-widget_type=\"heading.default\">\n\t\t\t\t<div class=\"elementor-widget-container\">\n\t\t\t<h2 class=\"elementor-heading-title elementor-size-default\">REGULAMIN KORZYSTANIA Z SERWISU WWW.USZYJTO.COM<\/h2>\t\t<\/div>\n\t\t\t\t<\/div>\n\t\t\t\t<div class=\"elementor-element elementor-element-eeabbb1 elementor-widget elementor-widget-text-editor\" data-id=\"eeabbb1\" data-element_type=\"widget\" data-widget_type=\"text-editor.default\">\n\t\t\t\t<div class=\"elementor-widget-container\">\n\t\t\t\t\t<div class=\"elementor-text-editor elementor-clearfix\"><ol>\n<li><strong>INFORMAJCE OG\u00d3LNE, DEFINICJE<\/strong><\/li>\n<\/ol>\n<ol>\n<li>Niniejszy regulamin okre\u015bla zasady korzystania z serwisu internetowego WWW.USZYJTO.COM prowadzonego przez Marika Uszy\u0144ska prowadz\u0105ca dzia\u0142alno\u015b\u0107 gospodarcz\u0105 pod firm\u0105 MARIKA USZY\u0143SKA S&amp;B, ul. Powsta\u0144c\u00f3w \u015al\u0105skich 124, 01-466 Warszawa, NIP: 5213481658, REGON: 144414738 oraz korzystania z dost\u0119pnych w nimprodukt\u00f3w.<\/li>\n<li>U\u017cyte w niniejszym regulaminie okre\u015blenia maj\u0105 nast\u0119puj\u0105ce znaczenie:\n<ol>\n<li><strong>Klient&nbsp;<\/strong>\u2013 osoba fizyczna posiadaj\u0105ca pe\u0142n\u0105 zdolno\u015b\u0107 do czynno\u015bci prawnych, osoba prawna lub jednostka organizacyjna nieposiadaj\u0105ca osobowo\u015bci prawnej, sk\u0142adaj\u0105ca Zam\u00f3wienia i&nbsp;dokonuj\u0105ca zakupu Produkt\u00f3w w Serwisie;<\/li>\n<li><strong>Produkt <\/strong>\u2013 produkty fizyczne (materialne), produkty elektroniczne (tre\u015bci cyfrowe) dost\u0119pne w Sklepie;<\/li>\n<li><strong>Regulamin<\/strong> \u2013 niniejszy regulamin, dost\u0119pny pod adresem&nbsp;WWW.USZYJTO.COM\/REGULAMIN;<\/li>\n<li><strong>Serwis&nbsp;<\/strong>\u2013 serwis internetowy dost\u0119pny pod adresem&nbsp;WWW.USZYJTO.COM&nbsp; za po\u015brednictwem kt\u00f3rego Klient sk\u0142ada Zam\u00f3wienia na zakup Produkt\u00f3w oraz z&nbsp;wykorzystaniem kt\u00f3rego otrzymuje dost\u0119p do Produkt\u00f3w;<\/li>\n<li><strong>Umowa <\/strong>\u2013 umowa sprzeda\u017cy Produkt\u00f3w zawarta pomi\u0119dzy W\u0142a\u015bcicielem, a Klientem z wykorzystaniem serwisu internetowego Serwisu;<\/li>\n<li><strong>W\u0142a\u015bciciel <\/strong>\u2013 MARIKA USZY\u0143SKA S&amp;B, ul. Powsta\u0144c\u00f3w \u015al\u0105skich 124, 01-466 Warszawa, NIP: 5213481658, REGON: 144414738, prowadz\u0105cy sprzeda\u017c za po\u015brednictwem Serwisu;<\/li>\n<li><strong>Zam\u00f3wienie&nbsp;<\/strong>\u2013 o\u015bwiadczenie woli Klienta zmierzaj\u0105ce do zawarcia Umowy, stanowi\u0105ce ofert\u0119 zawarcia Umowy, okre\u015blaj\u0105ce w szczeg\u00f3lno\u015bci rodzaj i ilo\u015b\u0107 Produktu.<\/li>\n<\/ol>\n<\/li>\n<li>Materia\u0142y u\u017cyte do prezentacji produkt\u00f3w, tj.: zdj\u0119cia, opisy i inne s\u0105 cz\u0119\u015bci\u0105 Serwisu, stanowi\u0105 w\u0142asno\u015b\u0107 jego W\u0142a\u015bciciela i chronione s\u0105 prawami autorskimi. Zabrania si\u0119 ich u\u017cywania w celach handlowych lub prezentacji w jakichkolwiek mediach bez zgody W\u0142a\u015bciciela.<\/li>\n<li>Ceny znajduj\u0105ce si\u0119 przy Produktach wyra\u017cone s\u0105 w polskich z\u0142otych i podane s\u0105 w&nbsp;warto\u015bciach brutto wraz z podatkiem VAT.<\/li>\n<\/ol>\n<ol start=\"2\">\n<li><strong> KORZYSTANIE Z SERWISU<\/strong><\/li>\n<\/ol>\n<ol>\n<li>W celu z\u0142o\u017cenia Zam\u00f3wienia na stronie internetowej Serwisu nale\u017cy dokona\u0107 wyboru Produkt\u00f3w, podejmuj\u0105c kolejne czynno\u015bci techniczne na podstawie wy\u015bwietlanych Klientowi komunikat\u00f3w i informacji zawartych na stronie internetowej Serwisu.<\/li>\n<li>Klient w celu zakupu Produkt\u00f3w zbiera je do tzw. koszyka. Koszyk to element Serwisu, gdzie Klient przenosi Produkty, kt\u00f3re zamierza zakupi\u0107. Klient w ka\u017cdej chwili mo\u017ce obejrze\u0107 zawarto\u015b\u0107 koszyka, doda\u0107 b\u0105d\u017a usun\u0105\u0107 Produkty, a tak\u017ce od razu przej\u015b\u0107 do procesu z\u0142o\u017cenia Zam\u00f3wienia.<\/li>\n<li>W toku procesu Zamawiania Klient precyzuje szczeg\u00f3\u0142y Zam\u00f3wienia takie jak: dane do faktury, adres e-mail do wysy\u0142ki Produktu, spos\u00f3b p\u0142atno\u015bci i inne.<\/li>\n<li>Klient w toku procesu Zam\u00f3wienia mo\u017ce dokona\u0107 rejestracji. Rejestracja mo\u017ce by\u0107 niezb\u0119dna do p\u00f3\u017aniejszego korzystania z Produkt\u00f3w dost\u0119pnych bezpo\u015brednio w Serwisie.<\/li>\n<li>Rejestracja Klienta w Serwisie umo\u017cliwia zapami\u0119tanie w bazie danych Serwisu danych osobowych Klienta oraz historii jego Zam\u00f3wie\u0144, a tak\u017ce umo\u017cliwia dost\u0119p do Produkt\u00f3w elektronicznych.<\/li>\n<li>Podczas rejestracji Klient zobowi\u0105zany jest poda\u0107 unikalne i znane tylko sobie has\u0142o. Proces rejestracji oraz sk\u0142adania Zam\u00f3wie\u0144 jest szyfrowany odpowiednim protoko\u0142em.<\/li>\n<li>Klient jest odpowiedzialny za nieudost\u0119pnianie swojego has\u0142a osobom trzecim oraz ponosi wszelkie ewentualne konsekwencje finansowe i prawne takiego udost\u0119pnienia.<\/li>\n<\/ol>\n<ol start=\"3\">\n<li><strong> Z\u0141O\u017bENIE ZAM\u00d3WIENIA<\/strong><\/li>\n<\/ol>\n<ol>\n<li>Zam\u00f3wienia na Produkty przyjmowane s\u0105 wy\u0142\u0105cznie drog\u0105 elektroniczn\u0105 poprzez z\u0142o\u017cenie Zam\u00f3wienia z wykorzystaniem serwisu internetowego Serwisu b\u0105d\u017a poprzez wiadomo\u015b\u0107 e-mail.<\/li>\n<li>Warunkiem niezb\u0119dnym do z\u0142o\u017cenia Zam\u00f3wienia jest prawid\u0142owe wype\u0142nienie formularza Zam\u00f3wienia. Zam\u00f3wienie z b\u0142\u0119dnie wype\u0142nionym formularzem mo\u017ce nie zosta\u0107 zrealizowane.<\/li>\n<li>Wype\u0142niaj\u0105c formularz Klient ma obowi\u0105zek podania prawid\u0142owych danych osobowych, adresu e-mail, telefonu kontaktowego, danych do faktury VAT, adresu zamieszkania oraz adresu e-mail do wysy\u0142ki Produktu.<\/li>\n<li>Podany adres e-mail oraz numer telefonu kontaktowego mog\u0105 zosta\u0107 wykorzystane jedynie do kontaktu w procesie realizacji zam\u00f3wienia, chyba \u017ce Klient wyrazi zgod\u0119 na kontakt w innych celach (np. newsletter).<\/li>\n<li>Kupuj\u0105cy przed akceptacj\u0105 Zam\u00f3wienia zostanie poinformowany o:\n<ol>\n<li>g\u0142\u00f3wnych cechach Produktu,<\/li>\n<li>\u0142\u0105cznej cenie lub wynagrodzeniu za Produkt wraz z podatkami, a tak\u017ce o ewentualnych op\u0142atach za dostarczenie Produktu oraz o innych kosztach,<\/li>\n<li>mo\u017cliwo\u015bci odst\u0105pienia od umowy.<\/li>\n<\/ol>\n<\/li>\n<li>Klient wyra\u017ca wol\u0119 zawarcia Umowy poprzez naci\u015bni\u0119cie przycisku \u201ezam\u00f3wienie z obowi\u0105zkiem zap\u0142aty\u201d lub r\u00f3wnowa\u017cnego.<\/li>\n<li>Z\u0142o\u017cenie zam\u00f3wienia nie jest r\u00f3wnowa\u017cne z zawarciem Umowy, lecz stanowi z\u0142o\u017cenie oferty zawarcia takiej umowy.<\/li>\n<li>Umowa zostaje zawarta w chwili przyj\u0119cia Zam\u00f3wienia do realizacji przez W\u0142a\u015bciciela, o czym Klient jest informowany poprzez wiadomo\u015b\u0107 e-mail potwierdzaj\u0105c\u0105 dokonanie zakupu.<\/li>\n<li>Realizacja Umowy rozpoczyna si\u0119 w chwili zaksi\u0119gowania przelewu na rachunku bankowym W\u0142a\u015bciciela b\u0105d\u017a przez innego operatora p\u0142atno\u015bci.<\/li>\n<li>Do sprzeda\u017cy promocyjnej oraz wyprzeda\u017cy przeznaczona mo\u017ce by\u0107 ograniczona liczba Produkt\u00f3w. Realizacja zam\u00f3wie\u0144 nast\u0119puje wed\u0142ug kolejno\u015bci wp\u0142ywania potwierdzonych zam\u00f3wie\u0144 na te Produkty.<\/li>\n<\/ol>\n<ol start=\"4\">\n<li><strong> CENY, P\u0141ATNO\u015aCI I DOSTAWA<\/strong><\/li>\n<\/ol>\n<ol>\n<li>Wszystkie ceny Produkt\u00f3w podawane s\u0105 w polskich z\u0142otych i zawieraj\u0105 podatek VAT. Cena podana przy ka\u017cdym Produkcie jest wi\u0105\u017c\u0105ca w chwili z\u0142o\u017cenia przez Klienta zam\u00f3wienia. W\u0142a\u015bciciel zastrzega sobie prawo do zmiany cen Produkt\u00f3w znajduj\u0105cych si\u0119 w Serwisie, wprowadzania nowych Produkt\u00f3w do Serwisu, przeprowadzania i odwo\u0142ywania akcji promocyjnych na stronach Serwisu, stosowania unikalnych kod\u00f3w promocyjnych dost\u0119pnych poza Serwisem. Uprawnienie powy\u017csze nie ma wp\u0142ywu na ceny Produkt\u00f3w w zam\u00f3wieniach z\u0142o\u017conych przed dat\u0105 wej\u015bcia w \u017cycie zmiany ceny lub akcji promocyjnych. Cena podana przy ka\u017cdym Produkcie jest wi\u0105\u017c\u0105ca w chwili z\u0142o\u017cenia Zam\u00f3wienia.<\/li>\n<li>Do ka\u017cdego zakupu dokonanego przez Klienta do\u0142\u0105czany jest dow\u00f3d zakupu: paragon lub faktura VAT przesy\u0142any drog\u0105 elektroniczn\u0105. Na \u017c\u0105danie Klienta dow\u00f3d zakupu zostanie dor\u0119czony w wersji papierowej.<\/li>\n<li>Klient mo\u017ce dokona\u0107 p\u0142atno\u015bci za zakupione Produkty w nast\u0119puj\u0105cy spos\u00f3b:<\/li>\n<\/ol>\n<ol>\n<li>kart\u0105 p\u0142atnicz\u0105 lub przelewem poprzez elektroniczny system p\u0142atno\u015bci,<\/li>\n<\/ol>\n<ol>\n<li>\n<ol>\n<li>zwyk\u0142ym przelewem na podstawie faktury VAT z terminem p\u0142atno\u015bci 14 dni w przypadku zam\u00f3wie\u0144 sk\u0142adanych poprzez e-mail.<\/li>\n<\/ol>\n<\/li>\n<li>P\u0142atno\u015bci s\u0105 obs\u0142ugiwane przez firm\u0119 MARIKA USZY\u0143SKA S&amp;B, ul. Powsta\u0144c\u00f3w \u015al\u0105skich 124, 01-466 Warszawa, NIP: 5213481658, REGON: 144414738. Zam\u00f3wienia na Produkty elektroniczne realizowane s\u0105 po otrzymaniu p\u0142atno\u015bci poprzez wysy\u0142k\u0119 Produktu lub instrukcji skorzystania z Produktu w&nbsp;wiadomo\u015bci e\u2011mail. Wysy\u0142ka Produktu nast\u0119puje niezw\u0142ocznie po otrzymaniu p\u0142atno\u015bci, do 24 godzin od chwili otrzymania p\u0142atno\u015bci.<\/li>\n<li>Dostawa Produkt\u00f3w cyfrowych jest darmowa.<\/li>\n<li>Dostawa Produkt\u00f3w fizycznych nast\u0119puje w spos\u00f3b wybrany przez Klienta w toku sk\u0142adania Zam\u00f3wienia. Koszt dostarczenia przesy\u0142ki podawany jest Klientowi po dokonaniu wyboru Produkt\u00f3w oraz po dokonaniu wyboru sposobu zap\u0142aty.<\/li>\n<li>Wysy\u0142ka Produkt\u00f3w fizycznych nast\u0119puje niezw\u0142ocznie po otrzymaniu p\u0142atno\u015bci, nie p\u00f3\u017aniej ni\u017c w terminie do 10 dni roboczych po otrzymaniu p\u0142atno\u015bci. Do czasu dostawy Produkt\u00f3w fizycznych nale\u017cy doliczy\u0107 czas realizacji dostawy przez podmiot \u015bwiadcz\u0105cy us\u0142ugi dostawy. Czas dostawy, jej koszt oraz podmiot \u015bwiadcz\u0105cy us\u0142ugi dostawy zostanie podany w toku sk\u0142adania Zam\u00f3wienia.<\/li>\n<li>Dostawa Produkt\u00f3w fizycznych odbywa si\u0119 wy\u0142\u0105cznie na terenie Polski.<\/li>\n<\/ol>\n<ol start=\"5\">\n<li><strong> PRAWO ODST\u0104PIENIA OD UMOWY<\/strong><\/li>\n<\/ol>\n<ol>\n<li>Klient b\u0119d\u0105cy konsumentem w rozumieniu przepis\u00f3w Kodeksu cywilnego mo\u017ce zrezygnowa\u0107 w drodze odst\u0105pienia od Umowy z Produktu lub us\u0142ugi kupionych w Serwisie bez podania przyczyny w ci\u0105gu 14dni od daty jego otrzymania. Do zachowania tego terminu wystarczy wys\u0142anie o\u015bwiadczenia o odst\u0105pieniu na adres siedziby Serwisu lub na adres e-mail podany w Regulaminie.<\/li>\n<li>W przypadku odst\u0105pienia od Umowy zawartej na odleg\u0142o\u015b\u0107 Umowa jest uwa\u017cana za niezawart\u0105.<\/li>\n<li>W\u0142a\u015bciciel gwarantuje zwrot ceny i koszt\u00f3w uiszczonych przez Klienta.<\/li>\n<li>Klient ponosi odpowiedzialno\u015b\u0107 za zmniejszenie warto\u015bci rzeczy b\u0119d\u0105ce wynikiem korzystania z niej w spos\u00f3b wykraczaj\u0105cy poza konieczny do stwierdzenia charakteru, cech i funkcjonowania rzeczy.<\/li>\n<li>Wszelkie zwroty nale\u017cno\u015bci b\u0119d\u0105 regulowane przez W\u0142a\u015bciciela nie p\u00f3\u017aniej ni\u017c w terminie 14 dni od otrzymania o\u015bwiadczenia o odst\u0105pieniu od umowy za pomoc\u0105 takiego samego sposobu zap\u0142aty, jakiego u\u017cy\u0142 Klient, chyba \u017ce Klient wyrazi\u0142 zgod\u0119 na inny spos\u00f3b zwrotu. Zwrot nale\u017cno\u015bci nie jest zwi\u0105zany z dodatkowymi kosztami.<\/li>\n<li>Prawo odst\u0105pienia od Umowy nie przys\u0142uguje w przypadku nabycia Produktu elektronicznego&nbsp; dostarczanego w inny spos\u00f3b ni\u017c na no\u015bniku materialnym, je\u017celi dostarczenie Produktu nast\u0105pi\u0142o za wyra\u017an\u0105 zgod\u0105 Klienta przed up\u0142ywem terminu odst\u0105pienia od Umowy i po poinformowaniu go przez W\u0142a\u015bciciela o utracie prawa odst\u0105pienia od Umowy.<\/li><\/ol>\n<p><strong>6.ODPOWIEDZIALNO\u015a\u0106 ZA WADY<\/strong><\/p>\n<ol>\n<li>W\u0142a\u015bciciel ma obowi\u0105zek dostarczenia Produktu wolnego od wad.<\/li>\n<li>Je\u017celi otrzymany Produkt jest w jakikolwiek spos\u00f3b wadliwy, Klient mo\u017ce skorzysta\u0107 z tytu\u0142u r\u0119kojmi za wady wobec W\u0142a\u015bciciela na warunkach okre\u015blonych w Kodeksie cywilnym.<\/li>\n<li>W przypadku ujawnienia si\u0119 wady Produktu Klientowi przys\u0142uguje prawo do z\u0142o\u017cenia reklamacji. Uprawnienie przys\u0142uguje w ci\u0105gu dw\u00f3ch lat od daty dor\u0119czenia Produktu.<\/li>\n<li>W celu skorzystania z r\u0119kojmi nale\u017cy z\u0142o\u017cy\u0107 reklamacj\u0119 okre\u015blaj\u0105c\u0105 charakter wady oraz zawieraj\u0105c\u0105okre\u015blone \u017c\u0105danie.<\/li>\n<li>W\u0142a\u015bciciel ustosunkuje si\u0119 do \u017c\u0105dania Klienta niezw\u0142ocznie, nie p\u00f3\u017aniej ni\u017c w terminie 14 dni, licz\u0105c od dnia otrzymania od Klienta reklamowanego produktu wraz z pismem reklamacyjnym.<\/li>\n<li>O wyniku reklamacji Klient zostanie poinformowany w taki sam spos\u00f3b, w jaki przes\u0142a\u0142 reklamacj\u0119.<\/li>\n<li>W przypadku uznania reklamacji wada Produktu zostanie usuni\u0119ta lub Klient otrzyma nowy Produkt. Je\u017celi nie b\u0119dzie to mo\u017cliwe (na przyk\u0142ad z powodu wyczerpania limitu miejsc), W\u0142a\u015bciciel Serwisu zwr\u00f3ci r\u00f3wnowarto\u015b\u0107 ceny Produktu lub obni\u017cy cen\u0119.<\/li>\n<\/ol>\n<ol start=\"7\">\n<li><strong> WYMAGANIA TECHNICZNE, FUNKCJONALNO\u015a\u0106 I INTEROPERACYJNO\u015a\u0106 TRE\u015aCI CYFROWYCH, \u015aWIADCZENIE US\u0141UG DROG\u0104 ELEKTRONICZN\u0104<\/strong><\/li>\n<\/ol>\n<ol>\n<li>W\u0142a\u015bciciel \u015bwiadczy na&nbsp; rzecz&nbsp; Klientaus\u0142ug\u0119 drog\u0105 elektroniczn\u0105 polegaj\u0105c\u0105 na umo\u017cliwieniu zawarcia umowy o dostarczenie Produkt\u00f3w elektronicznych oraz fizycznych oraz korzystania z niekt\u00f3rych Produkt\u00f3w elektronicznych.<\/li>\n<li>Do zawarcia Umowy nie jest konieczne posiadanie konta w Serwisie, lecz mo\u017ce by\u0107 konieczne do skorzystania z niekt\u00f3rych Produkt\u00f3w elektronicznych.<\/li>\n<li>\u015awiadczenie us\u0142ugi dost\u0119pu do funkcjonalno\u015bci Serwisu nast\u0119puje nieodp\u0142atnie. Nabycie Produkt\u00f3w dost\u0119pnych w Serwisie nast\u0119puje odp\u0142atnie.<\/li>\n<li>Do z\u0142o\u017cenia zam\u00f3wienia i skorzystania z funkcjonalno\u015bci Serwisu, a tak\u017ce do skorzystania z Produkt\u00f3w elektronicznych, konieczne jest:\n<ol>\n<li>posiadanie aktywnego konta poczty elektronicznej (do dokonywania zakup\u00f3w w Serwisie),<\/li>\n<li>przegl\u0105darka internetowa uwzgl\u0119dniaj\u0105ca bie\u017c\u0105ce aktualizacje z&nbsp;w\u0142\u0105czon\u0105 obs\u0142ug\u0105 j\u0119zyka JavaScript,<\/li>\n<li>w\u0142\u0105czona obs\u0142uga cookies w przegl\u0105darce,<\/li>\n<li>dost\u0119p do Internetu,<\/li>\n<li>zainstalowanie aplikacji umo\u017cliwiaj\u0105cych odczytywanie plik\u00f3w PDF,<\/li>\n<li>mo\u017cliwo\u015b\u0107 odtwarzania materia\u0142\u00f3w wideo (do korzystania z niekt\u00f3rych Produkt\u00f3w elektronicznych).<\/li>\n<\/ol>\n<\/li>\n<li>Klient ma prawo z\u0142o\u017cy\u0107 reklamacj\u0119 dotycz\u0105c\u0105 funkcjonowania Serwisu, wysy\u0142aj\u0105c wiadomo\u015b\u0107 e\u2011mail pod adres reklamacja@bttr.pl lub listownie na adres W\u0142a\u015bciciela.<\/li>\n<li>Odpowied\u017a na reklamacj\u0119 zostanie wys\u0142ana w terminie 14 dni od jej otrzymania na adres wskazany w reklamacji.<\/li>\n<\/ol>\n<ol start=\"8\">\n<li><strong> DANE OSOBOWE I PLIKI COOKIES<\/strong><\/li>\n<\/ol>\n<ol>\n<li>Szczeg\u00f3\u0142owe zasady przetwarzania danych osobowych oraz wykorzystania plik\u00f3w cookies opisane s\u0105 w <strong>Polityce prywatno\u015bci<\/strong>&nbsp;WWW.USZYJTO.COM\/POLITYKA<\/li>\n<\/ol>\n<ol start=\"9\">\n<li><strong> PRAWA AUTORSKIE<\/strong><\/li>\n<\/ol>\n<ol>\n<li>W\u0142a\u015bciciel wskazuje, \u017ce wszelkie Produkty dost\u0119pne w Serwisie chronione s\u0105 prawem autorskim.<\/li>\n<li>Zabronione jest kopiowanie Produkt\u00f3w i utrwalanie ich w jakiejkolwiek innej formie, dalsze rozpowszechnianie oraz publiczne udost\u0119pnianie tre\u015bci dost\u0119pnych w Serwisie, z wy\u0142\u0105czeniem dokonywania powy\u017cszego w ramach dozwolonego prawem tzw. prawa cytatu.<\/li>\n<li>Wszelkie dalsze rozpowszechnianie tre\u015bci Produkt\u00f3w bez zgody ich tw\u00f3rcy stanowi naruszenie praw autorskich i mo\u017ce skutkowa\u0107 odpowiedzialno\u015bci\u0105 cywiln\u0105 i karn\u0105.<\/li>\n<\/ol>\n<ol start=\"4\">\n<li>W\u0142a\u015bciciel nie ponosi odpowiedzialno\u015bci za spos\u00f3b wykorzystania zdobytej wiedzy dost\u0119pnej w Produktach oraz nie udziela on jakichkolwiek gwarancji co do skutku ekonomicznego wykorzystania przez Klienta informacji uzyskanych w toku skorzystania z nich.<\/li>\n<li><strong> POSTANOWIENIA KO\u0143COWE<\/strong><\/li>\n<\/ol>\n<ol>\n<li>W celu unikni\u0119cia w\u0105tpliwo\u015bci stwierdza si\u0119, \u017ce \u017cadne z postanowie\u0144 niniejszego regulaminu nie ogranicza uprawnie\u0144 konsumenta, jakie przys\u0142uguj\u0105 mu na podstawie przepis\u00f3w obowi\u0105zuj\u0105cego na terytorium Rzeczypospolitej Polskiej prawa. W&nbsp;przypadku stwierdzenia istnienia postanowienia o takim charakterze zastosowanie&nbsp;znajduj\u0105 przepisy obowi\u0105zuj\u0105cego na terytorium Rzeczypospolitej Polskiej prawa, a w szczeg\u00f3lno\u015bci Kodeksu cywilnego oraz ustawy o prawach konsumenta.<\/li>\n<li>Rozstrzygni\u0119cie ewentualnych spor\u00f3w powsta\u0142ych mi\u0119dzy W\u0142a\u015bcicielem a Klientem, kt\u00f3ry jest konsumentem, zostaje poddane s\u0105dom w\u0142a\u015bciwym zgodnie z postanowieniami w\u0142a\u015bciwych przepis\u00f3w Kodeksu post\u0119powania cywilnego, przy czym W\u0142a\u015bciciel dopuszcza drog\u0119 post\u0119powania mediacyjnego. Konsument uprawniony jest do zwr\u00f3cenia si\u0119 do sta\u0142ego polubownego s\u0105du konsumenckiego dzia\u0142aj\u0105cego przy Inspekcji Handlowej lub do wojew\u00f3dzkiego inspektora Inspekcji Handlowej, a tak\u017ce mo\u017ce uzyska\u0107 bezp\u0142atn\u0105 pomoc w sprawie rozstrzygni\u0119cia sporu mi\u0119dzy Klientem b\u0119d\u0105cym konsumentem a W\u0142a\u015bcicielem, korzystaj\u0105c z bezp\u0142atnej pomocy powiatowego (miejskiego) rzecznika konsument\u00f3w.<\/li>\n<li>Konsument mo\u017ce r\u00f3wnie\u017c skorzysta\u0107 z platformy ODR, kt\u00f3ra dost\u0119pna jest pod adresem <a href=\"http:\/\/ec.europa.eu\/consumers\/odr\">http:\/\/ec.europa.eu\/consumers\/odr<\/a>. Platforma s\u0142u\u017cy rozstrzyganiu spor\u00f3w pomi\u0119dzy konsumentami i przedsi\u0119biorcami d\u0105\u017c\u0105cymi do pozas\u0105dowego rozstrzygni\u0119cia sporu dotycz\u0105cego zobowi\u0105za\u0144 umownych wynikaj\u0105cych z internetowej umowy sprzeda\u017cy lub umowy o \u015bwiadczenie us\u0142ug.<\/li>\n<li>Rozstrzygni\u0119cie ewentualnych spor\u00f3w powsta\u0142ych mi\u0119dzy W\u0142a\u015bcicielem a Klientem, kt\u00f3ry nie jest konsumentem, zostaje poddane s\u0105dowi w\u0142a\u015bciwemu ze wzgl\u0119du na siedzib\u0119 Serwisu.<\/li>\n<li>Niniejszy Regulamin obowi\u0105zuje od dnia 01.04.2021 roku.<\/li>\n<li>W\u0142a\u015bciciel zastrzega sobie prawo do zmiany Regulaminu. Wszelkie zmiany Regulaminu wchodz\u0105 w \u017cycie w terminie wskazanym przez Serwis. Zam\u00f3wienia z\u0142o\u017cone przed dat\u0105 wej\u015bcia w \u017cycie zmian do niniejszego Regulaminu s\u0105 realizowane na podstawie postanowie\u0144 obowi\u0105zuj\u0105cych w dniu z\u0142o\u017cenia zam\u00f3wienia.<\/li>\n<\/ol><\/div>\n\t\t\t\t<\/div>\n\t\t\t\t<\/div>\n\t\t\t\t\t<\/div>\n\t\t<\/div>\n\t\t\t\t<div class=\"elementor-column elementor-col-33 elementor-top-column elementor-element elementor-element-9ea239b\" data-id=\"9ea239b\" data-element_type=\"column\">\n\t\t\t<div class=\"elementor-widget-wrap\">\n\t\t\t\t\t\t\t\t\t<\/div>\n\t\t<\/div>\n\t\t\t\t\t\t\t<\/div>\n\t\t<\/section>\n\t\t\t\t\t\t<\/div>\n\t\t\t\t\t<\/div>\n\t\t","protected":false},"excerpt":{"rendered":"<p>REGULAMIN KORZYSTANIA Z SERWISU WWW.USZYJTO.COM INFORMAJCE OG\u00d3LNE, DEFINICJE Niniejszy regulamin okre\u015bla zasady korzystania z serwisu internetowego WWW.USZYJTO.COM prowadzonego przez Marika Uszy\u0144ska prowadz\u0105ca dzia\u0142alno\u015b\u0107 gospodarcz\u0105 pod firm\u0105 MARIKA USZY\u0143SKA S&amp;B, ul. Powsta\u0144c\u00f3w \u015al\u0105skich 124, 01-466 Warszawa, NIP: 5213481658, REGON: 144414738 oraz korzystania z dost\u0119pnych w nimprodukt\u00f3w. U\u017cyte w niniejszym regulaminie okre\u015blenia maj\u0105 nast\u0119puj\u0105ce znaczenie: Klient&nbsp;\u2013 osoba&hellip;&nbsp;<a href=\"https:\/\/uszyjto.com\/index.php\/regulamin\/\" class=\"\" rel=\"bookmark\">Czytaj wi\u0119cej &raquo;<span class=\"screen-reader-text\">Regulamin<\/span><\/a><\/p>\n","protected":false},"author":1,"featured_media":0,"parent":0,"menu_order":0,"comment_status":"closed","ping_status":"closed","template":"page-templates\/template-pagebuilder-full-width.php","meta":{"neve_meta_sidebar":"","neve_meta_container":"","neve_meta_enable_content_width":"","neve_meta_content_width":0,"neve_meta_title_alignment":"","neve_meta_author_avatar":"","neve_post_elements_order":"","neve_meta_disable_header":"","neve_meta_disable_footer":"","neve_meta_disable_title":""},"_links":{"self":[{"href":"https:\/\/uszyjto.com\/index.php\/wp-json\/wp\/v2\/pages\/8"}],"collection":[{"href":"https:\/\/uszyjto.com\/index.php\/wp-json\/wp\/v2\/pages"}],"about":[{"href":"https:\/\/uszyjto.com\/index.php\/wp-json\/wp\/v2\/types\/page"}],"author":[{"embeddable":true,"href":"https:\/\/uszyjto.com\/index.php\/wp-json\/wp\/v2\/users\/1"}],"replies":[{"embeddable":true,"href":"https:\/\/uszyjto.com\/index.php\/wp-json\/wp\/v2\/comments?post=8"}],"version-history":[{"count":16,"href":"https:\/\/uszyjto.com\/index.php\/wp-json\/wp\/v2\/pages\/8\/revisions"}],"predecessor-version":[{"id":377,"href":"https:\/\/uszyjto.com\/index.php\/wp-json\/wp\/v2\/pages\/8\/revisions\/377"}],"wp:attachment":[{"href":"https:\/\/uszyjto.com\/index.php\/wp-json\/wp\/v2\/media?parent=8"}],"curies":[{"name":"wp","href":"https:\/\/api.w.org\/{rel}","templated":true}]}}