{"id":3,"date":"2021-03-22T18:24:21","date_gmt":"2021-03-22T18:24:21","guid":{"rendered":"http:\/\/uszyjto.com\/?page_id=3"},"modified":"2021-03-29T11:38:04","modified_gmt":"2021-03-29T11:38:04","slug":"polityka","status":"publish","type":"page","link":"https:\/\/uszyjto.com\/index.php\/polityka\/","title":{"rendered":"Polityka prywatno\u015bci"},"content":{"rendered":"\t\t<div data-elementor-type=\"wp-page\" data-elementor-id=\"3\" class=\"elementor elementor-3\" data-elementor-settings=\"[]\">\n\t\t\t\t\t\t\t<div class=\"elementor-section-wrap\">\n\t\t\t\t\t\t\t<section class=\"elementor-section elementor-top-section elementor-element elementor-element-894aa15 elementor-section-boxed elementor-section-height-default elementor-section-height-default\" data-id=\"894aa15\" data-element_type=\"section\">\n\t\t\t\t\t\t<div class=\"elementor-container elementor-column-gap-default\">\n\t\t\t\t\t<div class=\"elementor-column elementor-col-16 elementor-top-column elementor-element elementor-element-940099a\" data-id=\"940099a\" data-element_type=\"column\">\n\t\t\t<div class=\"elementor-widget-wrap\">\n\t\t\t\t\t\t\t\t\t<\/div>\n\t\t<\/div>\n\t\t\t\t<div class=\"elementor-column elementor-col-66 elementor-top-column elementor-element elementor-element-5b6e0f8\" data-id=\"5b6e0f8\" data-element_type=\"column\">\n\t\t\t<div class=\"elementor-widget-wrap elementor-element-populated\">\n\t\t\t\t\t\t\t\t<div class=\"elementor-element elementor-element-479c52c elementor-widget elementor-widget-heading\" data-id=\"479c52c\" data-element_type=\"widget\" data-widget_type=\"heading.default\">\n\t\t\t\t<div class=\"elementor-widget-container\">\n\t\t\t<h2 class=\"elementor-heading-title elementor-size-default\">Polityka prywatno\u015bci i plik\u00f3w cookies<\/h2>\t\t<\/div>\n\t\t\t\t<\/div>\n\t\t\t\t\t<\/div>\n\t\t<\/div>\n\t\t\t\t<div class=\"elementor-column elementor-col-16 elementor-top-column elementor-element elementor-element-51bcd0f\" data-id=\"51bcd0f\" data-element_type=\"column\">\n\t\t\t<div class=\"elementor-widget-wrap\">\n\t\t\t\t\t\t\t\t\t<\/div>\n\t\t<\/div>\n\t\t\t\t\t\t\t<\/div>\n\t\t<\/section>\n\t\t\t\t<section class=\"elementor-section elementor-top-section elementor-element elementor-element-37ecf17b elementor-section-boxed elementor-section-height-default elementor-section-height-default\" data-id=\"37ecf17b\" data-element_type=\"section\">\n\t\t\t\t\t\t<div class=\"elementor-container elementor-column-gap-default\">\n\t\t\t\t\t<div class=\"elementor-column elementor-col-100 elementor-top-column elementor-element elementor-element-6af1104\" data-id=\"6af1104\" data-element_type=\"column\">\n\t\t\t<div class=\"elementor-widget-wrap elementor-element-populated\">\n\t\t\t\t\t\t\t\t<div class=\"elementor-element elementor-element-75a45ffa elementor-widget elementor-widget-text-editor\" data-id=\"75a45ffa\" data-element_type=\"widget\" data-widget_type=\"text-editor.default\">\n\t\t\t\t<div class=\"elementor-widget-container\">\n\t\t\t\t\t<div class=\"elementor-text-editor elementor-clearfix\"><\/div>\n\t\t\t\t<\/div>\n\t\t\t\t<\/div>\n\t\t\t\t\t<\/div>\n\t\t<\/div>\n\t\t\t\t\t\t\t<\/div>\n\t\t<\/section>\n\t\t\t\t<section class=\"elementor-section elementor-top-section elementor-element elementor-element-414bc82 elementor-section-boxed elementor-section-height-default elementor-section-height-default\" data-id=\"414bc82\" data-element_type=\"section\">\n\t\t\t\t\t\t<div class=\"elementor-container elementor-column-gap-default\">\n\t\t\t\t\t<div class=\"elementor-column elementor-col-33 elementor-top-column elementor-element elementor-element-97654c8\" data-id=\"97654c8\" data-element_type=\"column\">\n\t\t\t<div class=\"elementor-widget-wrap\">\n\t\t\t\t\t\t\t\t\t<\/div>\n\t\t<\/div>\n\t\t\t\t<div class=\"elementor-column elementor-col-33 elementor-top-column elementor-element elementor-element-3f0a80b\" data-id=\"3f0a80b\" data-element_type=\"column\">\n\t\t\t<div class=\"elementor-widget-wrap elementor-element-populated\">\n\t\t\t\t\t\t\t\t<div class=\"elementor-element elementor-element-f25e030 elementor-widget elementor-widget-text-editor\" data-id=\"f25e030\" data-element_type=\"widget\" data-widget_type=\"text-editor.default\">\n\t\t\t\t<div class=\"elementor-widget-container\">\n\t\t\t\t\t<div class=\"elementor-text-editor elementor-clearfix\"><p>\u00a0<\/p><div class=\"elementor-element elementor-element-53e706c elementor-widget elementor-widget-text-editor\" data-id=\"53e706c\" data-element_type=\"widget\" data-widget_type=\"text-editor.default\"><div class=\"elementor-widget-container\"><div class=\"elementor-text-editor elementor-clearfix\"><p>Skoro trafi\u0142e\u015b do tej zak\u0142adki, to znaczy, \u017ce wa\u017cne jest dla Ciebie bezpiecze\u0144stwo Twoich danych w Sieci. Wiedz, \u017c<span lang=\"PT\">e dbam o<\/span>\u00a0odpowiednie traktowanie Twoich danych osobowych.\u00a0Szanuj\u0105c Tw<span lang=\"ES-TRAD\">\u00f3<\/span>j czas, przygotowa\u0142em dla Ciebie skr<span lang=\"ES-TRAD\">\u00f3<\/span><span lang=\"IT\">con<\/span>\u0105 wersj\u0119 najwa\u017cniejszych zasad zwi\u0105zanych z\u00a0ochron\u0105 prywatno\u015bci. Je\u017celi podstawowe informacje oka\u017c\u0105 si\u0119 dla Ciebie niewystarczaj\u0105ce, poni\u017cej znajdziesz szerszy opis, w kt<span lang=\"ES-TRAD\">\u00f3<\/span>rym wyja\u015bniam jak obchodz\u0119 si\u0119 z powierzonymi mi przez Ciebie danymi osobowymi.<\/p><p><b>I.\u00a0\u00a0\u00a0\u00a0\u00a0\u00a0\u00a0\u00a0\u00a0\u00a0\u00a0\u00a0\u00a0\u00a0\u00a0\u00a0 <\/b><b><u>Podstawowe informacje<\/u><\/b><b><\/b><\/p><p>1.\u00a0\u00a0Administratorem danych osobowych na stronie WWW.USZYJTO.COM\u00a0jest Marika Uszy\u0144ska prowadz\u0105ca dzia\u0142alno\u015b\u0107\u00a0 \u00a0gospodarcz\u0105 pod firm\u0105 MARIKA USZY\u0143SKA S&amp;B, ul. Powsta\u0144c\u00f3w \u015al\u0105skich 124, 01-466 Warszawa, NIP: 5213481658, REGON:\u00a0 \u00a0144414738. Mo\u017cesz si\u0119 ze mn\u0105 skontaktowa\u0107 w ka\u017cdej chwili z wykorzystaniem adresu e-mail: kontakt@bttr.pl<\/p><p>2.\u00a0\u00a0\u00a0\u00a0 Pami\u0119taj, \u017ce podanie danych osobowych, a tak\u017ce zgoda na ich przetwarzanie s\u0105 ca\u0142kowicie dobrowolne. Wszelkie przekazane mi\u00a0 \u00a0dane osobowe s\u0105 przetwarzane wy\u0142\u0105cznie w zakresie i w celu, na jaki wyrazi\u0142e\u015b zgod\u0119.<\/p><p>3.\u00a0\u00a0\u00a0\u00a0 W ka\u017cdej chwili masz prawo do aktualizacji lub ca\u0142kowitego usuni\u0119cia swoich danych osobowych. Mo\u017cesz to zrobi\u0107 samodzielnie\u00a0 \u00a0lub korzystaj\u0105c z mojej pomocy.<\/p><p>4.\u00a0\u00a0\u00a0Dbam o nale\u017cyt\u0105 ochron\u0119 Twoich danych osobowych, gwarantuj\u0105c Ci, \u017ce b\u0119d\u0105 one przetwarzane wy\u0142\u0105cznie w celu, na kt<span lang=\"ES-TRAD\">\u00f3<\/span>ry wyrazi\u0142e\u015b zgod\u0119, przechowywane w bezpieczny spos<span lang=\"ES-TRAD\">\u00f3<\/span>b oraz nieudost\u0119pniane podmiotom trzecim, je\u017celi nie wyrazi\u0142e\u015b na to zgody.<\/p><p>5.\u00a0 \u00a0Zapisuj\u0105c si\u0119 na newsletter lub dokonuj\u0105c zam<span lang=\"ES-TRAD\">\u00f3<\/span>wienia, przekazujesz mi swoje dane osobowe, a ja gwarantuj\u0119 Ci, \u017ce Twoje dane pozostan\u0105 bezpieczne i nie zostan\u0105 udost\u0119pnione podmiotom trzecim bez Twojej wyra\u017anej zgody.<\/p><p>6.\u00a0 \u00a0\u00a0Korzystam z narz\u0119dzi analitycznych, opisanych poni\u017cej, kt<span lang=\"ES-TRAD\">\u00f3<\/span>re zbieraj\u0105 anonimowe informacje na temat Twoich odwiedzin serwisu. Wykorzystuj\u0119 te\u017c narz\u0119dzia takie jak Facebook Pixel i Google AdWords, kt<span lang=\"ES-TRAD\">\u00f3<\/span>re pozwalaj\u0105 wy\u015bwietla\u0107 Ci reklamy.<\/p><p>7.\u00a0\u00a0\u00a0\u00a0 Podobnie jak ma to miejsce niemal na ka\u017cdej stronie internetowej, ja r<span lang=\"ES-TRAD\">\u00f3<\/span>wnie\u017c wykorzystuj\u0119 <span lang=\"IT\">pliki cookies.<\/span><\/p><p><b><span lang=\"PT\">II.\u00a0\u00a0\u00a0\u00a0\u00a0\u00a0\u00a0\u00a0\u00a0\u00a0\u00a0\u00a0\u00a0\u00a0 <\/span><\/b><b><u><span lang=\"PT\">Administrator<\/span><\/u><\/b><b><\/b><\/p><p>Administratorem danych osobowych strony internetowej: WWW.USZYJTO.COM, czyli podmiotem odpowiedzialnym za zapewnienie bezpiecze\u0144stwa Twoim danym osobowym jest: Marika Uszy\u0144ska prowadz\u0105c\u0105 dzia\u0142alno\u015b\u0107 gospodarcz\u0105 pod firm\u0105 MARIKA USZY\u0143SKA S&amp;B, ul. Powsta\u0144c\u00f3w \u015al\u0105skich 124, 01-466 Warszawa, NIP: 5213481658, REGON: 144414738 Dane kontaktowe:\u00a0e-mail: kontakt@uszyjto.com<\/p><p><b>III.\u00a0\u00a0\u00a0\u00a0\u00a0\u00a0\u00a0\u00a0\u00a0\u00a0\u00a0\u00a0\u00a0 <\/b><b><u>Twoje uprawnienia<\/u><\/b><b><\/b><\/p><p>Aktualne przepisy prawa przyznaj\u0105 Ci szereg uprawnie\u0144 zwi\u0105zanych z przetwarzaniem Twoich danych osobowych:<\/p><p>1.\u00a0\u00a0\u00a0\u00a0 prawo dost\u0119pu do danych osobowych,<\/p><p>2.\u00a0\u00a0\u00a0\u00a0 prawo do sprostowania danych osobowych,<\/p><p>3.\u00a0\u00a0\u00a0\u00a0 prawo do usuni\u0119cia danych osobowych,<\/p><p>4.\u00a0\u00a0\u00a0\u00a0 prawo do ograniczenia przetwarzania danych osobowych,<\/p><p>5.\u00a0\u00a0\u00a0\u00a0 prawo do wniesienia sprzeciwu co do przetwarzania danych osobowych,<\/p><p>6.\u00a0\u00a0\u00a0\u00a0 prawo do przenoszenia danych,<\/p><p>7.\u00a0\u00a0\u00a0\u00a0 prawo do wniesienia skargi do organu nadzorczego (Prezesa Urz\u0119du Ochrony Danych Osobowych),<\/p><p>8.\u00a0\u00a0\u00a0\u00a0 prawo do odwo\u0142ania zgody na przetwarzanie danych osobowych, je\u017celi wyrazi\u0142e\u015b tak\u0105 zgod\u0119.<\/p><p>Pami\u0119taj, \u017ce zawsze mo\u017cesz r<span lang=\"ES-TRAD\">\u00f3<\/span>wnie\u017c zwr<span lang=\"ES-TRAD\">\u00f3<\/span>ci\u0107 si\u0119 do mnie z \u017c\u0105daniem udost\u0119pnienia Ci szerszych informacji, jakimi danymi na Tw<span lang=\"ES-TRAD\">\u00f3<\/span>j temat dysponuj\u0119 oraz w jakich celach je przetwarzam. Wystarczy, \u017ce wy\u015blesz wiadomo\u015b\u0107 na podany powy\u017cej adres e-mail.<b><\/b><\/p><p><b>IV.\u00a0\u00a0\u00a0\u00a0\u00a0\u00a0\u00a0\u00a0\u00a0\u00a0\u00a0\u00a0 <\/b><b><u>Cele, w jakich przetwarzam Twoje dane osobowe<\/u><\/b><b><\/b><\/p><p>1.\u00a0\u00a0\u00a0\u00a0 Newsletter<\/p><p>Zapisuj\u0105c si\u0119 do newslettera, przekazujesz mi sw<span lang=\"ES-TRAD\">\u00f3<\/span>j adres e-mail oraz swoje imi\u0119 za po\u015brednictwem formularza zapisu do newslettera. Podanie danych jest dobrowolne, lecz konieczne, by zapisa\u0107 si\u0119 do newslettera.<\/p><p>Dane te wykorzystywane s\u0105 w celu przesy\u0142ania Ci newslettera, a podstaw\u0105 prawn\u0105 do ich przetwarzania jest Twoja zgoda. Dane b\u0119d\u0105 przetwarzane przez czas funkcjonowania newslettera, chyba \u017ce wcze\u015bniej zrezygnujesz z jego otrzymywania, co spowoduje usuni\u0119cie Twoich danych z bazy.<\/p><p>W ka\u017cdej chwili mo\u017cesz sprostowa\u0107 swoje dane zapisane w mojej bazie newsletterowej, jak r<span lang=\"ES-TRAD\">\u00f3<\/span>wnie\u017c za\u017c\u0105da\u0107 ich usuni\u0119cia, rezygnuj\u0105c z otrzymywania newslettera.<\/p><p>2.\u00a0\u00a0\u00a0\u00a0 Zam<span lang=\"ES-TRAD\">\u00f3<\/span>wienia i wystawianie faktur VAT<\/p><p>Zamawiaj\u0105c na stronie internetowej jakikolwiek produkt, podajesz mi dane niezb\u0119dne do realizacji zam<span lang=\"ES-TRAD\">\u00f3<\/span>wienia (imi\u0119 i nazwisko, adres rozliczeniowy, adres e-mail, numer telefonu). Podanie danych jest dobrowolne, ale niezb\u0119dne do z\u0142o\u017cenia zam<span lang=\"ES-TRAD\">\u00f3<\/span>wienia.<\/p><p>Dane przekazane mi w zwi\u0105zku z zam<span lang=\"ES-TRAD\">\u00f3<\/span>wieniem przetwarzane s\u0105 w celu realizacji zam<span lang=\"ES-TRAD\">\u00f3<\/span>wienia, wystawienia faktury i uwzgl\u0119dnienia jej w dokumentacji ksi\u0119gowej, a tak\u017ce mog\u0105 by\u0107 wykorzystane w celach archiwalnych i statystycznych.<\/p><p>Dane o zam<span lang=\"ES-TRAD\">\u00f3<\/span>wieniach b\u0119d\u0105 przetwarzane przez czas niezb\u0119dny do realizacji zam<span lang=\"ES-TRAD\">\u00f3<\/span>wienia, a p\u00f3\u017aniej do czasu up\u0142ywu terminu przedawnienia roszcze\u0144 z tytu\u0142u zawartej umowy. Po up\u0142ywie tego terminu, dane nadal mog\u0105 by\u0107 przeze mnie przetwarzane w celach statystycznych. Mam obowi\u0105zek przechowywa\u0107 faktury przez okres 5 lat od ko\u0144ca roku podatkowego, w kt<span lang=\"ES-TRAD\">\u00f3<\/span>rym nast\u0105pi\u0142o wystawienie faktury VAT.<\/p><p>W przypadku danych podanych w celu realizacji zam<span lang=\"ES-TRAD\">\u00f3<\/span>wienia nie mo\u017cesz sprzeciwi\u0107 si\u0119 przetwarzaniu danych oraz domaga\u0107 si\u0119 usuni\u0119cia danych do czasu up\u0142ywu terminu przedawnienia roszcze\u0144 z tytu\u0142u zawartej umowy.<\/p><p>3.\u00a0\u00a0\u00a0\u00a0 Reklamacje i odst\u0105pienie od umowy<\/p><p><span lang=\"DA\">Sk<\/span>\u0142adaj\u0105c reklamacj\u0119 lub odst\u0119puj\u0105c od umowy przekazujesz mi dane osobowe zawarte w tre\u015bci swojego o\u015bwiadczenia (imi\u0119 i nazwisko, adres, numer telefonu, adres e-mail oraz ewentualnie numer rachunku bankowego).<\/p><p>Podanie tych danych jest dobrowolne, lecz konieczne, by z\u0142o\u017cy\u0107 reklamacj\u0119 lub odst\u0105pi\u0107 od umowy. Dane przekazane mi w zwi\u0105zku ze z\u0142o\u017ceniem reklamacji lub odst\u0105pieniem od umowy wykorzystywane s\u0105 w celu realizacji procedury reklamacyjnej lub procedury odst\u0105pienia od umowy.<\/p><p>Dane b\u0119d\u0105 przetwarzane przez czas niezb\u0119dny do realizacji procedury reklamacyjnej lub procedury odst\u0105pienia. W przypadku danych zawartych w reklamacjach oraz o\u015bwiadczeniach o odst\u0105pieniu od umowy nie masz mo\u017cliwo\u015bci sprzeciwi\u0107 si\u0119 przetwarzaniu swoich danych oraz domaga\u0107 si\u0119 usuni\u0119cia danych do czasu up\u0142ywu terminu przedawnienia roszcze\u0144 z tytu\u0142u zawartej umowy.<\/p><p>4.\u00a0\u00a0\u00a0\u00a0 Kontakt z wykorzystaniem formularza<\/p><p>Kontaktuj\u0105c si\u0119 poprzez formularz kontaktowy, podajesz mi przynajmniej sw<span lang=\"ES-TRAD\">\u00f3<\/span>j adres e-mail. To od Ciebie zale\u017cy, czy w tre\u015bci podasz dodatkowe dane. Podanie danych jest dobrowolne, lecz konieczne, by nawi\u0105za\u0107 ze mn\u0105 kontakt.<\/p><p>Twoje dane s\u0105 w tym przypadku przetwarzane w celu kontaktu z Tob\u0105. Podstaw\u0105, do przetwarzania danych jest Twoja zgoda. Masz prawo \u017c\u0105da\u0107 przedstawienia historii prowadzonej korespondencji oraz mo\u017cesz domaga\u0107 si\u0119 jej usuni\u0119cia, chyba \u017ce zachowanie korespondencji uzasadnione jest moim interesem (np. ochrona przed roszczeniami).<\/p><p>\u00a0<\/p><p><b>V.\u00a0\u00a0\u00a0\u00a0\u00a0\u00a0\u00a0\u00a0\u00a0\u00a0\u00a0\u00a0\u00a0\u00a0 <\/b><b><u>Powierzenie przetwarzania danych osobowych<\/u><\/b><b><\/b><\/p><p>Twoje dane mog\u0105 by\u0107 przetwarzane przez podmioty trzecie, kt<span lang=\"ES-TRAD\">\u00f3<\/span>rym zlecam wykonanie poszczeg<span lang=\"ES-TRAD\">\u00f3<\/span>lnych czynno\u015bci zwi\u0105zanych z zapewnieniem w\u0142a\u015bciwego funkcjonowania strony internetowej. Podmioty, kt<span lang=\"ES-TRAD\">\u00f3<\/span>rym zlecam przetwarzanie danych osobowych, gwarantuj\u0105 stosowanie odpowiednich \u015brodk<span lang=\"ES-TRAD\">\u00f3<\/span>w ochrony i bezpiecze\u0144stwa danych osobowych wymaganych przez przepisy prawa. Podmioty, kt<span lang=\"ES-TRAD\">\u00f3<\/span>rym powierzam przetwarzanie danych, to:<\/p><p>1.\u00a0\u00a0\u00a0\u00a0 Zenbox Sp. z o.o. siedzib\u0105 w Cz\u0119stochowie, adres: ul. D\u0105browskiego 7 lokal 6, 42-202 Cz\u0119stochowa, NIP: 9492191021\u00a0 \u2013 w celu przechowywania danych osobowych na serwerze,<\/p><p>2.\u00a0\u00a0\u00a0\u00a0 UAB \u201cMailerLite\u201d, z siedzib\u0105 w J. Basanavi\u010diaus 15, LT-03108 Vilnius, Lithuania \u2013 w celu korzystania z systemu mailingowego, w kt<span lang=\"ES-TRAD\">\u00f3<\/span>rym przetwarzane s\u0105 Twoje dane, je\u017celi zapiszesz si\u0119 do newslettera,<\/p><p>3.\u00a0\u00a0Fakturownia Sp. z o.o.\u00a000-389 Warszawa,\u00a0ul. Juliana Smulikowskiego 6\/8,\u00a0NIP 5213704420\u00a0\u2013 w celu korzystania z systemu do fakturowania, w kt<span lang=\"ES-TRAD\">\u00f3<\/span>rym przetwarzane s\u0105 Twoje dane, o ile wystawiam dla Ciebie faktur\u0119,<\/p><p><b><u>Logi serwera<\/u><\/b><\/p><p>Korzystaj\u0105c z mojej strony internetowej przesy\u0142asz z wykorzystaniem swojego urz\u0105dzenia zapytania do serwera, na kt<span lang=\"ES-TRAD\">\u00f3<\/span>rym przechowywana jest moja strona. Logi obejmuj\u0105 m.in. adres IP, dat\u0119 i czas serwera, informacje o przegl\u0105darce internetowej i systemie operacyjnym, kt<span lang=\"ES-TRAD\">\u00f3<\/span><span lang=\"IT\">re u<\/span>\u017cywasz. Logi s\u0105 zapisywane i przechowywane na serwerze. Logi serwera stanowi\u0105 wy\u0142\u0105cznie materia\u0142 pomocniczy s\u0142u\u017c\u0105cy do administrowania stron\u0105. Ich zawarto\u015b\u0107 nie jest nikomu ujawniana.<\/p><p>Dane zapisane w logach serwera nie s\u0105 kojarzone z konkretnymi osobami korzystaj\u0105cymi ze strony i nie s\u0105 wykorzystywane w celu identyfikacji konkretnych os<span lang=\"ES-TRAD\">\u00f3<\/span>b.<\/p><p><b><span lang=\"EN-US\">VI.\u00a0\u00a0\u00a0\u00a0\u00a0\u00a0\u00a0\u00a0\u00a0\u00a0\u00a0\u00a0 <\/span><\/b><b><u><span lang=\"EN-US\">Pliki cookies<\/span><\/u><\/b><b><\/b><\/p><p>Pliki cookies (tzw. \u201eciasteczka\u201d) stanowi\u0105 dane informatyczne, kt<span lang=\"ES-TRAD\">\u00f3<\/span>re przechowywane s\u0105 w Twoim urz\u0105dzeniu ko\u0144cowym. Na stronie internetowej stosuj\u0119 dwa zasadnicze rodzaje plik<span lang=\"ES-TRAD\">\u00f3<\/span>w cookies: sesyjne oraz sta\u0142e. Cookies sesyjne s\u0105 plikami tymczasowymi, kt<span lang=\"ES-TRAD\">\u00f3<\/span>re przechowywane s\u0105 w urz\u0105dzeniu ko\u0144cowym u\u017cytkownika do czasu wylogowania, opuszczenia strony internetowej lub wy\u0142\u0105czenia oprogramowania (przegl\u0105darki internetowej). Sta\u0142e pliki cookies przechowywane s\u0105 w Twoim urz\u0105dzeniu ko\u0144cowym przez czas okre\u015blony w parametrach plik<span lang=\"ES-TRAD\">\u00f3<\/span>w cookies lub do czasu ich usuni\u0119cia przez Ciebie.<\/p><p><i>Podczas pierwszej wizyty na mojej stronie internetowej wy\u015bwietlona zosta\u0142a Ci informacja o stosowaniu na niej plik<\/i><i><span lang=\"ES-TRAD\">\u00f3<\/span><\/i><i>w cookies. Akceptacja komunikatu oznacza, \u017ce zgadzasz si\u0119 na korzystanie z plik<\/i><i><span lang=\"ES-TRAD\">\u00f3<\/span><\/i><i>w cookies.<\/i><i> W ka\u017cdym czasie mo\u017cesz dokona\u0107 zmiany ustawie\u0144 dotycz\u0105cych plik<\/i><i><span lang=\"ES-TRAD\">\u00f3<\/span><\/i><i>w cookies.<\/i><\/p><p>Ustawienia dotycz\u0105ce plik<span lang=\"ES-TRAD\">\u00f3<\/span>w cookies mog\u0105 zosta\u0107 zmienione w szczeg<span lang=\"ES-TRAD\">\u00f3<\/span>lno\u015bci w taki spos<span lang=\"ES-TRAD\">\u00f3<\/span>b, aby blokowa\u0107 automatyczn\u0105 obs\u0142ug\u0119 plik<span lang=\"ES-TRAD\">\u00f3<\/span>w cookies w ustawieniach przegl\u0105darki internetowej b\u0105d\u017a informowa\u0107 o ich ka\u017cdorazowym zamieszczeniu w Twoim urz\u0105dzeniu. Szczeg\u00f3\u0142owe informacje o mo\u017cliwo\u015bci i sposobach obs\u0142ugi plik<span lang=\"ES-TRAD\">\u00f3<\/span>w cookies dost\u0119pne s\u0105 w ustawieniach oprogramowania przegl\u0105darki internetowej. Pami\u0119taj, \u017ce wy\u0142\u0105czenie lub ograniczenie obs\u0142ugi plik<span lang=\"ES-TRAD\">\u00f3<\/span>w cookies mo\u017ce powodowa\u0107 trudno\u015bci w korzystaniu z mojej strony.<\/p><p>Wykorzystuj\u0119 cookies w\u0142asne w celu:<\/p><p>a)\u00a0\u00a0\u00a0\u00a0 zapewnienia prawid\u0142owego dzia\u0142ania strony,<\/p><p>b)\u00a0\u00a0\u00a0\u00a0 realizacji procesu zam<span lang=\"ES-TRAD\">\u00f3<\/span>wienia,<\/p><p>c)\u00a0\u00a0\u00a0\u00a0\u00a0 prawid\u0142owego dzia\u0142ania pop-up<span lang=\"ES-TRAD\">\u00f3<\/span>w i formularzy.<\/p><p>Wykorzystuj\u0119 r<span lang=\"ES-TRAD\">\u00f3<\/span>wnie\u017c cookies podmiot<span lang=\"ES-TRAD\">\u00f3<\/span>w zewn\u0119trznych:<\/p><p>a)\u00a0\u00a0\u00a0\u00a0 Google Analytics (wydawca: Google LLC, 1600 Amphitheatre Parkway, Mountain View, CA 94043, USA) \u2013 w celu tworzenia statystyk i ich analizie dla optymalizacji strony,<\/p><p>b)\u00a0\u00a0\u00a0\u00a0 Google Adwords (wydawca: <span lang=\"EN-US\">Google LLC, 1600 Amphitheatre Parkway, Mountain View, CA 94043, USA<\/span>) \u2013 w celu promocji mojej strony internetowej,<\/p><p>c)\u00a0\u00a0\u00a0\u00a0\u00a0 Facebook Pixel (wydawca: Facebook Inc., 1601 S. California Ave. Palo Alto, CA 94304, USA) \u2013 w celu reklamowania mojej strony internetowej w serwisie Facebook,<\/p><p><b>VIII.\u00a0\u00a0\u00a0\u00a0\u00a0\u00a0\u00a0\u00a0\u00a0 <\/b><b><u>Zmiana polityki prywatno\u015bci i plik<\/u><\/b><b><u><span lang=\"ES-TRAD\">\u00f3<\/span>w cookies<\/u><\/b><\/p><p>\u00a0 \u00a0 \u00a0 \u00a0 Zastrzegam sobie prawo do wprowadzania zmian w polityce prywatno\u015bci. Zmiany b\u0119d\u0105 wprowadzane je\u015bli b\u0119dzie wymaga\u0107 tego obowi\u0105zuj\u0105ce prawo lub ulegn\u0105 zmianie warunki technologiczne funkcjonowania mojej strony internetowej. Aktualny tekst polityki prywatno\u015bci oraz wersje archiwalne zawsze b\u0119d\u0105 znajdowa\u0107 si\u0119 na mojej stronie internetowej.<\/p><\/div><\/div><\/div><\/div>\n\t\t\t\t<\/div>\n\t\t\t\t<\/div>\n\t\t\t\t\t<\/div>\n\t\t<\/div>\n\t\t\t\t<div class=\"elementor-column elementor-col-33 elementor-top-column elementor-element elementor-element-cf55ce4\" data-id=\"cf55ce4\" data-element_type=\"column\">\n\t\t\t<div class=\"elementor-widget-wrap\">\n\t\t\t\t\t\t\t\t\t<\/div>\n\t\t<\/div>\n\t\t\t\t\t\t\t<\/div>\n\t\t<\/section>\n\t\t\t\t\t\t<\/div>\n\t\t\t\t\t<\/div>\n\t\t","protected":false},"excerpt":{"rendered":"<p>Polityka prywatno\u015bci i plik\u00f3w cookies \u00a0 Skoro trafi\u0142e\u015b do tej zak\u0142adki, to znaczy, \u017ce wa\u017cne jest dla Ciebie bezpiecze\u0144stwo Twoich danych w Sieci. Wiedz, \u017ce dbam o\u00a0odpowiednie traktowanie Twoich danych osobowych.\u00a0Szanuj\u0105c Tw\u00f3j czas, przygotowa\u0142em dla Ciebie skr\u00f3con\u0105 wersj\u0119 najwa\u017cniejszych zasad zwi\u0105zanych z\u00a0ochron\u0105 prywatno\u015bci. Je\u017celi podstawowe informacje oka\u017c\u0105 si\u0119 dla Ciebie niewystarczaj\u0105ce, poni\u017cej znajdziesz szerszy opis,&hellip;&nbsp;<a href=\"https:\/\/uszyjto.com\/index.php\/polityka\/\" class=\"\" rel=\"bookmark\">Czytaj wi\u0119cej &raquo;<span class=\"screen-reader-text\">Polityka prywatno\u015bci<\/span><\/a><\/p>\n","protected":false},"author":1,"featured_media":0,"parent":0,"menu_order":0,"comment_status":"closed","ping_status":"closed","template":"elementor_header_footer","meta":{"neve_meta_sidebar":"","neve_meta_container":"","neve_meta_enable_content_width":"","neve_meta_content_width":0,"neve_meta_title_alignment":"","neve_meta_author_avatar":"","neve_post_elements_order":"","neve_meta_disable_header":"","neve_meta_disable_footer":"","neve_meta_disable_title":""},"_links":{"self":[{"href":"https:\/\/uszyjto.com\/index.php\/wp-json\/wp\/v2\/pages\/3"}],"collection":[{"href":"https:\/\/uszyjto.com\/index.php\/wp-json\/wp\/v2\/pages"}],"about":[{"href":"https:\/\/uszyjto.com\/index.php\/wp-json\/wp\/v2\/types\/page"}],"author":[{"embeddable":true,"href":"https:\/\/uszyjto.com\/index.php\/wp-json\/wp\/v2\/users\/1"}],"replies":[{"embeddable":true,"href":"https:\/\/uszyjto.com\/index.php\/wp-json\/wp\/v2\/comments?post=3"}],"version-history":[{"count":10,"href":"https:\/\/uszyjto.com\/index.php\/wp-json\/wp\/v2\/pages\/3\/revisions"}],"predecessor-version":[{"id":389,"href":"https:\/\/uszyjto.com\/index.php\/wp-json\/wp\/v2\/pages\/3\/revisions\/389"}],"wp:attachment":[{"href":"https:\/\/uszyjto.com\/index.php\/wp-json\/wp\/v2\/media?parent=3"}],"curies":[{"name":"wp","href":"https:\/\/api.w.org\/{rel}","templated":true}]}}